{"id":1127,"date":"2016-03-15T15:46:09","date_gmt":"2016-03-15T13:46:09","guid":{"rendered":"http:\/\/www.www.raul.ee\/et\/?page_id=1127"},"modified":"2021-11-30T21:06:34","modified_gmt":"2021-11-30T19:06:34","slug":"raul-rajangu-cv","status":"publish","type":"page","link":"https:\/\/raul.ee\/et\/raul-rajangu-cv\/","title":{"rendered":"CV"},"content":{"rendered":"<h3><a href=\"https:\/\/raul.ee\/wp-content\/uploads\/2015\/12\/Russkiy_Razmer_765.jpg\"><img fetchpriority=\"high\" decoding=\"async\" class=\"alignright wp-image-966 size-large\" src=\"https:\/\/raul.ee\/wp-content\/uploads\/2015\/12\/Russkiy_Razmer_765-355x490.jpg\" alt=\"Raul operates cart\" width=\"355\" height=\"490\" srcset=\"https:\/\/raul.ee\/wp-content\/uploads\/2015\/12\/Russkiy_Razmer_765-355x490.jpg 355w, https:\/\/raul.ee\/wp-content\/uploads\/2015\/12\/Russkiy_Razmer_765-193x266.jpg 193w, https:\/\/raul.ee\/wp-content\/uploads\/2015\/12\/Russkiy_Razmer_765.jpg 580w\" sizes=\"(max-width: 355px) 100vw, 355px\" \/><\/a><br \/>\nRaul Rajangu<\/h3>\n<p>S\u00fcndinud 24. novembril 1968 Viljandis<\/p>\n<p>Raul Rajangu on Eesti postmodernistliku kunsti isa. Ta on legendaarne, terav ja suurep\u00e4rase ajastusega. Rajangu on kunstnik, kes seisab pidevalt kahe erineva maailma piiril ja vahendab neid teineteisele. Tema loomingus puutuvad kokku ida ja l\u00e4\u00e4s, kommunism ja totaalne kapitalism, avalik ja isiklik, teadvus ja mitteteadvus, elu ja surm. Rajangu t\u00f6\u00f6de k\u00f5ne on j\u00f5uline ja efektne.<\/p>\n<p>Rajangu kunstnikum\u00fc\u00fcdi tuum on tema positsioon kunstimaailma suhtes: ta on autodidakt ega leia aktiivset tegevust kunstnikeorganisatsioonides, ta elab v\u00e4ljaspool kunstnike suletud ringi ja maailma. Samas on nii publik kui kunstnikkond Rajangu esimesest n\u00e4itusest peale omaks v\u00f5tnud. Kunstnikuna ei piira ta ennast kindlate tehnikatega, vaid valib teostuse ideest l\u00e4htuvalt. Rajangu t\u00f6\u00f6d omandavad t\u00e4henduse aja jooksul, kui ilmub uusi fakte, mis lasevad tema t\u00f6id \u00fcha uuesti interpreteerida. Selline t\u00e4henduse pidevalt avatuna hoidmine ja \u00fcmberdefineerimine on v\u00e4ga iseloomulik postmodernistlikule kunstile laiemalt. Rajangu alustas maalidega, kus ta \u00fchendas assamblaa\u017ei ruumilisuse erinevate tasapinnaliste v\u00e4ljal\u00f5igete ja maaliga. Viimastel aastatel on t\u00e4iuslik esemelikkus asendunud imagoloogiliste valmiskujunditega, mida ta v\u00f5tab otse meediast. Rajangu laseb m\u00e4rkidel r\u00e4\u00e4kida. Tema t\u00f6\u00f6des kohtame Coca-Colat, Gazpromi, presidendi vastuv\u00f5ttu, Britney Spearsi, politseimeeskoori, igavest tuld jms. Ta ei sekku ega t\u00f6\u00f6tle, vaid muudab lihtsalt konteksti ja j\u00e4rjekorda ning pealkirjastab uuesti. T\u00e4pselt sama vabalt k\u00e4ib ta \u00fcmber ka enda t\u00f6\u00f6dega, tabanud \u00e4ra hetke, kui terviklik teosetekst on samuti tihenenud m\u00e4rgiks, saeb ta t\u00f6\u00f6 kas ideeliselt v\u00f5i reaalselt t\u00fckkideks ning kasutab neid t\u00fckke uues kontekstis, uues teoses kui s\u00fcmboleid. Maalidest tuttavad detailid on leidnud koha klaasist installatsioonis, &#8220;Playboy maja&#8221; on osa videost &#8220;Cagliostro m\u00e4lestustest&#8221;, see omakorda &#8220;Sweet Little NATOst&#8221;, igavene tuli ja viisnurk, N\u00f5ukogude kangelashaudade s\u00fcmbol, kordub kinnist\u00e4hena t\u00f6\u00f6st t\u00f6\u00f6sse. (Anneli Porri)<\/p>\n<p><strong>VALITUD ISIKN\u00c4ITUSED<\/strong><\/p>\n<ul>\n<li>2021 iCANT BREATH. Vaal galerii, Tallinn, Eesti<\/li>\n<li>2016-2017 N\u00d5UKOGUDE \u00d6\u00d6. RAUL RAJANGU. KUMU, Tallinn, Eesti<\/li>\n<li>2016 KILLER FUNERAL FEAT. POLITBUREAU. Performance. KUMU, Tallinn,<br \/>\nEesti<\/li>\n<li>2016 RAUL RAJANGU KUNST MART ERIKU KOGUST. Kondase<br \/>\nKeskus, Viljandi, Eesti<\/li>\n<li>2015 NATIONAL PRAYER BREAKFAST. Vaal galerii, Tallinn, Eesti<\/li>\n<li>2015 PNEUMATIC FLESH. Performance. Vaal galerii, Tallinn, Eesti<\/li>\n<li>2015 BEACH FUNERAL. Performance. P\u00e4rnu linnaruum, Eesti<\/li>\n<li>2012 SECRET REICH. Vaal galerii, Tallinn, Eesti<\/li>\n<li>2011 SUPERLUMINOUS DARKNESS, 3D film. Kineast Kaur Kallas.<br \/>\nKino \u201eEkraan\u201c, Tartu; Coca-Cola Plaza, Tallinn, Eesti<\/li>\n<li>2011 N\u00d5UKOGUDE \u00d6\u00d6 II. Tartu Kunstimuuseumi n\u00e4itusemaja, Tartu, Eesti<\/li>\n<li>2010 LUMINOSO FEAT. RUSSKIY RAZMER. \u201eHobusepea Galerii\u201c, Tallinn, Eesti<\/li>\n<li>2008 LUMINOSO. BUSHENWALD.COM. Tallinna Kunstihoone, Tallinn, Eesti<\/li>\n<li>2007 BEDROOMS\u00b4 SHOW. Galerii &amp;quot;Meno Parkas&amp;quot;, Kaunas, Leedu<\/li>\n<li>2007 KULDNE KODU. MULDNE KODU. Vaal galerii, Tallinn, Eesti<\/li>\n<li>2005 BEDROOMS\u00b4 SHOW. Tartu Kunstimuuseum, Tartu, Eesti<\/li>\n<li>2005 N\u00d5UKOGUDE \u00d6\u00d6 I. Draakoni Galerii, Tallinn, Eesti<\/li>\n<li>2003 SWEET LITTLE N.A.T.O. Kunstihoone Galerii, Tallinn, Eesti<\/li>\n<li>2002 RAJANGU JA TOLTS DECOS. Deco Galerii, Tallinn, Eesti<\/li>\n<li>2002 CAGLIOSTRO M\u00c4LESTUSED. Linnagalerii, Tallinn, Eesti<\/li>\n<li>2001 MAGUS ELU. Vaal galerii, Tallinn, Eesti<\/li>\n<li>2000 SWEET LITTLE SEVENTEEN. Vaal galerii, Tallinn, Eesti<\/li>\n<li>1996 HOUSE OF PLAYBOY. Vaal galerii, Tallinn, Eesti<\/li>\n<li>1989 SOOLO. Taidemaalarit-galleria (Soome Maalijate \u00dchenduse Galerii), Helsingi, Soome<\/li>\n<\/ul>\n<p><strong>VALITUD GRUPIN\u00c4ITUSED<\/strong><\/p>\n<ul>\n<li>2021 XVII VILNIUSE MAALITRIENNAAL\u00a0 &#8220;(ne)determinuota&#8221;\/\u201e[un]determined\u201c. Tarbekunsti- ja disainimuuseum ja kultuuriruum \u201eSmoke Factory\u201c,Vilnius, Leedu<\/li>\n<li>2020 EESTI KUNSTNIKE LIIDU AASTAN\u00c4ITUS \u201eKEVAD 2020\u201c. Tallinna Kunstihoone, Tallinn, Eesti<\/li>\n<li>2019 SOTS ART JA MOOD. KONTSEPTUAALSED R\u00d5IVAD IDA-EUROOPAST. Eesti Kunstimuuseum, KUMU, Tallinn, Eesti<\/li>\n<li>2018 ARSi FILMIFESTIVAL AFF 2018. Kunstnike loodud filmid suurel ekraanil. ARSi projektiruum, Tallinn, Eesti<\/li>\n<li>2018 VAIKIVAD KOGUD. XX sajandi teise poole Leedu ja Eesti kunst erakogudes. Maalid ja joonistused Mart Eriku kogust. Vilniuse Rahvusgalerii, Vilnius, Leedu<\/li>\n<li>2017 ARTVILNIUS\u00b417. Rahvusvaheline kaasaegse kunsti mess. LITEXPO, Leedu n\u00e4ituste ja kongressikeskus, Vilnius, Leedu<\/li>\n<li>2016 THE ARTBOX.PROJECT Miami 1.0. Rahvusvaheline kaasaegse kunsti virtuaaln\u00e4itus. Miami, USA<\/li>\n<li>2015 P\u00c4RNU KUNSTISUVI: MEISTER JA MARGARITA. Kaasaegse kunsti n\u00e4itus. P\u00e4rnu Kunstnike Maja, P\u00e4rnu Linnagalerii, P\u00e4rnu, Eesti<\/li>\n<li>2015 TRIBUTE TO THE WOMAN. Rahvusvaheline kaasaegse kunsti n\u00e4itus. Royal Opera Arcade Gallery, London, Suurbritannia<\/li>\n<li>2014 BERLINER \u2013 LISTE 2014. Rahvusvaheline kaasaegse kunsti mess. Ostbahnhof Berlin, Berliin, Saksamaa<\/li>\n<li>2013 DIMANCHE ROUGE FESTIVAL ESTONIA \u2013 FINLAND &#8211; FRANCE. Rahvusvaheline performance\u00b4i festival. Polymeeri Kunstitehas, Tallinn, Eesti; Augusta Gallery, Helsingi, Soome<\/li>\n<li>2013 BERLINER \u2013 LISTE 2013. Rahvusvaheline kaasaegse kunsti mess. Kraftwerk Berlin, Berliin, Saksamaa<\/li>\n<li>2012 MILLIMETER PERFORMANCE GROUP FEAT. LUMINOSO \u201eIT WAS GOOD WHILE IT LASTED\u201c, Tantsuetendus valgusobjektis. Viru keskus, Rahvusraamatukogu, Ganuti Gildi Saal, Tallinn, Eesti<\/li>\n<li>2009 TALLINNA KUNSTIHOONE 90. JUUBELIN\u00c4ITUS. Tallinna Kunstihoone, Tallinn, Eesti<\/li>\n<li>2009 ELEPHANT BULLET. Rahvusvaheline videokunsti festival. KUMU, Tallinn, Eesti<\/li>\n<li>2009 ELU 69. Erootilise kunsti n\u00e4itus. Rakvere N\u00e4itustemaja, Rakvere, Eesti<\/li>\n<li>2003 MINA JA TEINE. Tallinna Kunstihoone, Tallinn, Eesti<\/li>\n<li>1996 PERSONAL TIME. Eesti, L\u00e4ti ja Leedu kunst. Galerii Zacheta, Ujazdowski loss, Varssavi, Poola; Manee\u017e, Peterburi, Venemaa ,1995 WAIT WE\u00b4RE LOADING. Eesti kunstnike grupin\u00e4itus. G\u00f6teborgi Kunstimuuseum, Rootsi<\/li>\n<li>1995 AUTOPORTREE. Johannes Saare kontseptsioonin\u00e4itus. Moskva Galerii, Moskva, Venemaa<\/li>\n<li>1995 EUROPE REDISCOVERED. PROJECT FOR EUROPE VOL 2. Rahvusvaheline kaasaegse kunsti N\u00e4itus. Galerie Nikki Diana Marquardt, Pariis, Prantsusmaa<\/li>\n<li>1994 EUROPE REDISCOVERED. PROJECT FOR EUROPE. Rahvusvaheline kaasaegse kunsti n\u00e4itus. Turbine Hall, Kopenhaagen, Taani<\/li>\n<li>1992\u2013 1993 BALTISKE BILLEDER. Baltimaade kunstnike grupin\u00e4itus. Herningi Kunstimuuseum, S\u00f8ller\u00f8di Muuseum, Taani<\/li>\n<li>1992 MU AEG ON PILOOT. Rahvusvaheline kaasaegse kunsti n\u00e4itus. Den Fries Udstillingsbygning, Kopenhaagen, Taani<\/li>\n<li>1991-1992 ARS BALTICA. Baltimaade kunstnike n\u00e4itus. Kieli Kunstihoone, Bethanien Kunstnike Maja, Berliin, Saksamaa<\/li>\n<li>1990 DISTANCES. Rauma biennaal. Kuraator Maaretta Jaukkuri. Rauma Kunstimuuseum, Rauma, Soome<\/li>\n<li>1989-1991 STRUKTUUR\/METAF\u00dc\u00dcSIKA. Eesti kunstnike grupin\u00e4itus. Soomes: Pori Kunstimuuseum, Helsingi Kunstihoone, Rovaniemi Kunstimuuseum; Saksamaal: Kieli Linnagalerii, Galerii &amp;quot;Nemo&amp;quot;, Eckenf\u00f6rde; Rootsis: Kulturhuset ja Liljevalchi Kunstihall (m\u00f5lemad Stockholmis), Link\u00f6pingi Muuseum, Rootsi<\/li>\n<li>1988 AVANGARDI J\u00c4LGEDES. Tallinna Kunstihoone, Tallinn, Eesti<\/li>\n<li>1988 VABARIIKLIK S\u00dcGISN\u00c4ITUS. Tallinna Kunstihoone, Tallinn, Eesti<\/li>\n<li>1987 ESE KUNSTIS. Tallinna Kunstihoone, Tallinn, Eesti<\/li>\n<li>1987 TALLINNA MAALIJATE N\u00c4ITUS. Kotka, Soome<\/li>\n<li>1987 VABARIIKLIK NOORTEN\u00c4ITUS. Eesti n\u00e4itusehallid, Tallinn, Eesti<\/li>\n<li>1985 VABARIIKLIK NOORTEN\u00c4ITUS. Tartu kunstimuuseum, Tartu, Eesti<\/li>\n<li>1984 VABARIIKLIK NOORTEN\u00c4ITUS. Tartu kunstimuuseum, Tartu, Eesti<\/li>\n<\/ul>\n<p><strong>PREEMIAD<\/strong><br \/>\n2001 Eesti Kultuurkapitali Kujutava- ja Rakenduskunsti Sihtkapitali peapreemia<br \/>\n1989 Eesti Kunstnike Liidu aasta parima maali preemia<br \/>\n1988 Baltimaade noorte kunstnike triennaali diplom<br \/>\n1986 Eesti Kunstnike Liidu aasta kunstniku preemia<\/p>\n<p><strong>T\u00d6ID KUNSTIKOGUDES<\/strong><br \/>\nEesti Kunstimuuseum (KUMU); Tallinna Kunstihoone; Tartu Kunstimuuseum; Eesti Pank.<br \/>\nErakogud Eestis, Inglismaal, Belgias, Saksamaal, Rootsis ja USAs.<\/p>\n<p><strong>FILMOGRAAFIA<\/strong><br \/>\nKULTUURIMEETER. RAUL RAJANGU. 30 min. Autorid Eneken Laugen, \u00d5nne Luha, Andres Loorand,<br \/>\nRaul Ruuben Kulles, Aleksei Mutovkin. Tallinna TV 2017<br \/>\nN\u00dc\u00dcDISKUNST MUUSEUMIS: KUIDAS S\u00c4ILITADA MITTES\u00c4ILIVAT? 20 min. Hilkka Hiiop, 2012<br \/>\nRAUL RAJANGU FENOMEN. 36 min. Re\u017eiss\u00f6\u00f6r Liina Kulles, 2001<\/p>\n","protected":false},"excerpt":{"rendered":"<p>Raul Rajangu S\u00fcndinud 24. novembril 1968 Viljandis Raul Rajangu on Eesti postmodernistliku kunsti isa. Ta on legendaarne, terav ja suurep\u00e4rase ajastusega. Rajangu on kunstnik, kes seisab pidevalt kahe erineva maailma piiril ja vahendab neid teineteisele. Tema loomingus puutuvad kokku ida ja l\u00e4\u00e4s, kommunism ja totaalne kapitalism, avalik ja isiklik, teadvus ja mitteteadvus, elu ja surm. [&hellip;]<\/p>\n","protected":false},"author":1,"featured_media":0,"parent":0,"menu_order":10,"comment_status":"closed","ping_status":"closed","template":"","meta":{"footnotes":""},"class_list":["post-1127","page","type-page","status-publish","hentry"],"_links":{"self":[{"href":"https:\/\/raul.ee\/et\/wp-json\/wp\/v2\/pages\/1127","targetHints":{"allow":["GET"]}}],"collection":[{"href":"https:\/\/raul.ee\/et\/wp-json\/wp\/v2\/pages"}],"about":[{"href":"https:\/\/raul.ee\/et\/wp-json\/wp\/v2\/types\/page"}],"author":[{"embeddable":true,"href":"https:\/\/raul.ee\/et\/wp-json\/wp\/v2\/users\/1"}],"replies":[{"embeddable":true,"href":"https:\/\/raul.ee\/et\/wp-json\/wp\/v2\/comments?post=1127"}],"version-history":[{"count":24,"href":"https:\/\/raul.ee\/et\/wp-json\/wp\/v2\/pages\/1127\/revisions"}],"predecessor-version":[{"id":1664,"href":"https:\/\/raul.ee\/et\/wp-json\/wp\/v2\/pages\/1127\/revisions\/1664"}],"wp:attachment":[{"href":"https:\/\/raul.ee\/et\/wp-json\/wp\/v2\/media?parent=1127"}],"curies":[{"name":"wp","href":"https:\/\/api.w.org\/{rel}","templated":true}]}}